{"id":828,"date":"2022-11-03T09:23:34","date_gmt":"2022-11-03T09:23:34","guid":{"rendered":"https:\/\/www.guidettiflli.it\/privacy-policy\/"},"modified":"2022-11-03T09:23:34","modified_gmt":"2022-11-03T09:23:34","slug":"privacy-policy","status":"publish","type":"page","link":"https:\/\/www.guidettiflli.it\/en\/privacy-policy\/","title":{"rendered":"Privacy Policy"},"content":{"rendered":"<p>Con la presente, F.LLI GUIDETTI SRL intende informare gli utenti visitatori del sito web www.guidettiflli.it (di seguito il \u201cSito\u201d) della Politica adottata in materia di Protezione dei dati personali sottolineando il proprio impegno ed attenzione con riferimento alla tutela della privacy dei visitatori del Sito. Nome del titolare del trattamento: <strong>F.LLI GUIDETTI SRL<\/strong> Dati di contatto del titolare del trattamento: Indirizzo <strong>VIA OBERDAN 40 BRESCIA<\/strong> Responsabile: <strong>GUIDETTI PAOLO<\/strong> Telefono: <strong>030394495<\/strong> Indirizzo E-MAIL:<strong> guidetti@guidettiflli.it<\/strong> Rappresentante del titolare e dati di contatto Non presente DPO e dati di contatto Non presente <strong>F.LLI GUIDETTI SRL<\/strong> si impegna a proteggere la privacy degli utenti, in particolare protegge i dati personali attraverso procedure di sicurezza che proteggono i dati personali contro:  <\/p>\n<ul>\n<li>L\u2019utilizzo improprio o la divulgazione;<\/li>\n<li>La modifica non autorizzata;<\/li>\n<li>La perdita o la distruzione accidentale o causata da atto illecito;<\/li>\n<li>L\u2019accesso non autorizzato.<\/li>\n<\/ul>\n<p> La navigazione all&#8217;interno del Sito \u00e8 libera e non richiede registrazione alcuna, con eccezione di alcune aree in cui l&#8217;utente pu\u00f2 liberamente ed espressamente fornire una serie di dati che lo riguardano per contattarci od inviare richieste. Laddove pertanto il visitatore intenda fornire i propri dati personali, esso sar\u00e0 espressamente informato ai sensi dell&#8217;art. 13 del del Regolamento UE 679\/2016 con indicazione (a titolo esemplificativo) delle finalit\u00e0 e modalit\u00e0 di utilizzo dei dati da parte di F.LLI GUIDETTI SRL, nonch\u00e9 del diritto di richiedere in ogni momento la cancellazione dei dati o l&#8217;aggiornamento degli stessi. Nella presente informativa sulla privacy vengono descritti i meccanismi di raccolta e trattamento dei dati adottati dal sito; le informazioni che seguono non si applicano pertanto ad altri siti, prodotti o servizi non forniti direttamente da <strong>F.LLI GUIDETTI SRL<\/strong>, in linea e non in linea, n\u00e9 ad altri siti web eventualmente consultati dall\u2019utente tramite link e\/o attivit\u00e0 poste in essere da terzi. Si descrivono le modalit\u00e0 di gestione del sito, sia in riferimento al trattamento dei dati personali degli Utenti che lo consultano, sia dei dati che dovessero essere inviati spontaneamente dai Visitatori del sito. L&#8217;accesso al Sito presuppone il consenso alla raccolta e al trattamento dei dati personali, secondo le modalit\u00e0 descritte nella presente informativa sulla privacy.      <\/p>\n<h4>DATI TRATTATI<\/h4>\n<p> Quando accedi a questo sito web, accetti che F.LLI GUIDETTI SRL raccolga alcuni tuoi dati personali. Questa pagina ha lo scopo di dirti quali dati raccogliamo, perch\u00e9 e come li usiamo. Trattiamo due tipi di dati:   <\/p>\n<ul>\n<li>dati forniti dall\u2019utente<\/li>\n<li>dati che raccogliamo automaticamente<\/li>\n<\/ul>\n<p><strong>Dati forniti dall\u2019utente<\/strong> Quando accedi al sito e decidi di inviare una richiesta di informazioni, richiedi un contatto F.LLI GUIDETTI SRL mediante l\u2019invio di una email per la quale ti chiediamo di fornire alcuni dati che servono per poter rispondere alla tua richiesta. Per maggiori informazioni si rimanda alla informativa del form contatti. <strong>Dati di terzi<\/strong> Se fornisci dati personali di terzi, come ad esempio quelli dei tuoi familiari o amici, devi essere sicuro che questi soggetti siano stati adeguatamente informati e abbiano acconsentito al relativo trattamento nelle modalit\u00e0 descritte dalla presente informativa. <strong>Dati di minori di anni 18<\/strong> Se hai meno di 18 anni non puoi fornirci alcun dato personale n\u00e9 puoi inviare una mail ed, in ogni caso, non assumiamo responsabilit\u00e0 per eventuali dichiarazioni mendaci da te fornite. Qualora ci accorgessimo dell\u2019esistenza di dichiarazioni non veritiere procederemo con la cancellazione immediata di ogni dato personale acquisito. Se sei un\u2019azienda o un professionista, ti viene richiesto di fornirci i seguenti dati:    <\/p>\n<ul>\n<li>denominazione dell\u2019azienda, partita Iva, nome referente, indirizzo email, numero di telefono<\/li>\n<li>altri dati: indirizzo completo e partita IVA.<\/li>\n<\/ul>\n<p><strong>Dati che raccogliamo automaticamente<\/strong> Raccogliamo i seguenti dati mediante i servizi che utilizzi: <\/p>\n<ul>\n<li>dati tecnici: ad esempio indirizzo IP, tipo di browser, dati relativi alla posizione attuale (approssimativa) dello strumento che stai utilizzando;<\/li>\n<li>dati raccolti utilizzando i cookie o tecnologie similari: per ulteriori informazioni, ti invitiamo a visitare la sezione \u201cCookie\u201d.<\/li>\n<\/ul>\n<h4>FINALIT\u00c0 E COMUNICAZIONE DEI DATI<\/h4>\n<p> Il trattamento dei dati personali ricevuti potr\u00e0 essere finalizzato, in seguito a suo esplicito consenso, a seconda dei casi, all&#8217;invio di comunicazioni commerciali, nonch\u00e9, alla loro comunicazione ai soggetti nostri partner commerciali in attivit\u00e0 di co-marketing e iniziative commerciali, alla gestione in funzione di eventuali e successivi rapporti con <strong>F.LLI GUIDETTI SRL<\/strong>, ovvero al mero scambio di informazioni e di contatti, comunque relative alle attivit\u00e0 ed agli eventi organizzati ai quali F.LLI GUIDETTI SRL possa partecipare. In ogni caso, il trattamento riguarder\u00e0 unicamente dati comuni.  <\/p>\n<h4>CONFERIMENTO DATI E CONSENSO<\/h4>\n<p> Informiamo ancora che la comunicazione dei dati \u00e8 indispensabile ma non obbligatoria e l&#8217;eventuale rifiuto non ha alcuna conseguenza, ma comporta l&#8217;impossibilit\u00e0 di dare risposta alla Sua richiesta di informazioni. Il suo consenso al trattamento degli stessi dati con le modalit\u00e0 di cui sopra ai fini dell&#8217;esecuzione di attivit\u00e0 finalizzate \u00e8 facoltativo. Tuttavia il mancato conferimento potrebbe precludere lo svolgimento delle attivit\u00e0 sopra descritte.   <\/p>\n<h4>MODALIT\u00c0 DEL TRATTAMENTO DATI<\/h4>\n<p> I Suoi dati personali verranno trattati principalmente con strumenti informatici per adempiere agli obblighi e alle finalit\u00e0 indicati sopra ma anche in forma cartacea. I dati contenuti nel predetto sistema informativo automatizzato sono trattati utilizzando adeguate misure di sicurezza in modo da ridurne al minimo i rischi di distruzione o perdita, di accesso non autorizzato o di trattamento non conforme alle finalit\u00e0 della raccolta.  <\/p>\n<h4>DURATA<\/h4>\n<p> I dati saranno conservati per la durata necessaria ad ottemperare alle richieste dell\u2019interessato e fino al raggiungimento delle finalit\u00e0 indicate dal titolare del trattamento e comunque fino a revoca del consenso da parte dell\u2019interessato I dati saranno conservati per la durata necessaria ad ottemperare alle richieste dell\u2019interessato e fino al raggiungimento delle finalit\u00e0 indicate dal titolare del trattamento per un massimo di 12 mesi. Ti rammentiamo infine che per le medesime finalit\u00e0, i dati relativi al traffico telematico, esclusi comunque i contenuti delle comunicazioni, saranno conservati per un periodo non superiore ai 2 anni dalla data di comunicazione, ai sensi dell\u2019art. 24 della Legge n. 167\/2017, che ha recepito la Direttiva UE 2017\/541 in materia di antiterrorismo.    <\/p>\n<h4>COMUNICAZIONE<\/h4>\n<p> I dati raccolti nell\u2019ambito dell\u2019erogazione del servizio potranno essere comunicati a: <\/p>\n<ul>\n<li>societ\u00e0 che svolgono funzioni strettamente connesse e strumentali all\u2019operativit\u00e0 tecnica del servizio, quali ad esempio fornitori che erogano servizi server housing e web hosting. Questi ultimi garantiscono e si assumono la responsabilit\u00e0 del trattamento dei tuoi dati in conformit\u00e0 alle regole dettate dal GDPR; <\/li>\n<li>enti ed autorit\u00e0 amministrative e giudiziarie in virt\u00f9 degli obblighi di legge.<\/li>\n<\/ul>\n<p> In nessun caso cediamo o vendiamo dati personali a soggetti terzi. Il titolare del trattamento e i propri responsabili esterni potrebbero trasferire i dati personali a un paese terzo o a un\u2019organizzazione internazionale. Eventuali trattamenti di dati personali al di fuori dello Spazio Economico Europeo avverranno unicamente previa verifica dell\u2019esistenza di una decisione di adeguatezza della Commissione europea o in caso di assenza avverranno unicamente previa adozione di adeguate garanzie come previsto dalla normativa vigente o tramite adozione di adeguate clausole contrattuali.   <\/p>\n<h4>COLLEGAMENTI CON SITI TERZI<\/h4>\n<p> La presente informativa \u00e8 fornita solo per il Sito e non anche per altri siti web eventualmente consultati dall&#8217;utente tramite link di collegamento. F.LLI GUIDETTI SRL non pu\u00f2 essere ritenuta responsabile dei dati personali forniti dagli utenti a soggetti esterni o a eventuali siti Web collegati al presente Sito  <\/p>\n<h4>PROTEZIONE DELLE INFORMAZIONI PERSONALI<\/h4>\n<p> F.LLI GUIDETTI SRL protegge incondizionatamente la riservatezza delle informazioni personali. Le diverse tecnologie e procedure di protezione utilizzate sono finalizzate a proteggere le informazioni personali dall&#8217;accesso, l&#8217;utilizzo o la divulgazione non autorizzati. Ad esempio, le informazioni personali vengono memorizzate su sistemi di computer ad accesso limitato, collocati in strutture controllate.   <\/p>\n<h4>DIRITTO DI DELL\u2019INTERESSATO<\/h4>\n<p> Puoi, in qualsiasi momento, inviare una mail a guidetti@guidettiflli.it per avere informazioni sui tuoi dati, chiedere una modifica o la loro cancellazione. La cancellazione verr\u00e0 effettuata nei tempi tecnici previsti ed in conformit\u00e0 al periodo di conservazione esplicitato nel punto \u201cDURATA\u201d Qualsiasi persona fisica che utilizzi il nostro servizio pu\u00f2:  <\/p>\n<ul>\n<li>ottenere dal titolare, in ogni momento, informazioni circa l\u2019esistenza dei propri dati personali, l\u2019origine degli stessi, le finalit\u00e0 e le modalit\u00e0 di trattamento e, qualora presenti, di ottenere l\u2019accesso ai dati personali ed alle informazioni di cui all\u2019articolo 15 del GDPR;<\/li>\n<li>richiedere l\u2019aggiornamento, la rettifica, l\u2019integrazione, la cancellazione, la limitazione del trattamento dei dati nel caso ricorra una delle condizioni previste all\u2019articolo 18 del GDPR, la trasformazione in forma anonima o il blocco dei dati personali, trattati in violazione di legge, compresi quelli di cui non \u00e8 necessaria la conservazione in relazione agli scopi per i quali i dati sono stati raccolti e\/o successivamente trattati;<\/li>\n<li>opporsi, in tutto o in parte, per motivi legittimi, al trattamento dei dati, ancorch\u00e9 pertinenti allo scopo della raccolta ed al trattamento dei dati personali previsti ai fini di informazione commerciale o di invio di materiale pubblicitario o di comunicazione commerciale. Ogni utente ha altres\u00ec il diritto di revocare il consenso in qualsiasi momento senza pregiudicare le liceit\u00e0 del trattamento basata sul consenso prestato prima della revoca; <\/li>\n<li>ricevere i propri dati personali, forniti consapevolmente ed attivamente o attraverso la fruizione del servizio, in un formato strutturato, di uso comune e leggibile da dispositivo automatico, e di trasmetterli ad un altro titolare del trattamento senza impedimenti;<\/li>\n<li>proporre reclamo presso l\u2019Autorit\u00e0 Garante per la protezione dei dati personali in Italia.<\/li>\n<\/ul>\n<p> Ti ricordiamo che per qualsiasi domanda o richiesta relativa ai tuoi dati personali e al rispetto della tua privacy puoi scrivere all\u2019indirizzo <strong>guidetti@guidettiflli.it<\/strong><\/p>\n<h4 id=\"cookies\">COOKIES<\/h4>\n<p> Un cookie \u00e8 un file di testo di dimensioni ridotte salvato nel disco rigido dal server di una pagina Web. Per maggiori informazioni si rimanda alla cookie policy.  <script id=\"CookieDeclaration\" src=\"https:\/\/consent.cookiebot.com\/39ec5f12-3873-495e-ae4d-181b23011091\/cd.js\" type=\"text\/javascript\" async=\"\"><\/script><\/p>\n","protected":false},"excerpt":{"rendered":"<p>Con la presente, F.LLI GUIDETTI SRL intende informare gli utenti visitatori del sito web www.guidettiflli.it (di seguito il \u201cSito\u201d) della Politica adottata in materia di Protezione dei dati personali sottolineando il proprio impegno ed attenzione con riferimento alla tutela della privacy dei visitatori del Sito. Nome del titolare del trattamento: F.LLI GUIDETTI SRL Dati di [&hellip;]<\/p>\n","protected":false},"author":1,"featured_media":0,"parent":0,"menu_order":0,"comment_status":"closed","ping_status":"closed","template":"","meta":{"_et_pb_use_builder":"off","_et_pb_old_content":"","_et_gb_content_width":"","footnotes":""},"class_list":["post-828","page","type-page","status-publish","hentry"],"yoast_head":"<!-- This site is optimized with the Yoast SEO plugin v26.1.1 - https:\/\/yoast.com\/wordpress\/plugins\/seo\/ -->\n<title>Informazioni sulla Privacy \u00bb Fratelli Guidetti<\/title>\n<meta name=\"description\" content=\"Grazie per dedicare qualche minuto alla lettura della nostra informativa sulla privacy.\" \/>\n<meta name=\"robots\" content=\"index, follow, max-snippet:-1, max-image-preview:large, max-video-preview:-1\" \/>\n<link rel=\"canonical\" href=\"https:\/\/www.guidettiflli.it\/en\/privacy-policy\/\" \/>\n<meta property=\"og:locale\" content=\"en_US\" \/>\n<meta property=\"og:type\" content=\"article\" \/>\n<meta property=\"og:title\" content=\"Informazioni sulla Privacy \u00bb Fratelli Guidetti\" \/>\n<meta property=\"og:description\" content=\"Grazie per dedicare qualche minuto alla lettura della nostra informativa sulla privacy.\" \/>\n<meta property=\"og:url\" content=\"https:\/\/www.guidettiflli.it\/en\/privacy-policy\/\" \/>\n<meta property=\"og:site_name\" content=\"Fratelli Guidetti\" \/>\n<meta property=\"og:image\" content=\"https:\/\/www.guidettiflli.it\/wp-content\/uploads\/2023\/01\/fratelli-guidetti_logotipopittogramma_neutro-scuro.png\" \/>\n\t<meta property=\"og:image:width\" content=\"1296\" \/>\n\t<meta property=\"og:image:height\" content=\"504\" \/>\n\t<meta property=\"og:image:type\" content=\"image\/png\" \/>\n<meta name=\"twitter:card\" content=\"summary_large_image\" \/>\n<script type=\"application\/ld+json\" class=\"yoast-schema-graph\">{\"@context\":\"https:\/\/schema.org\",\"@graph\":[{\"@type\":\"WebPage\",\"@id\":\"https:\/\/www.guidettiflli.it\/en\/privacy-policy\/\",\"url\":\"https:\/\/www.guidettiflli.it\/en\/privacy-policy\/\",\"name\":\"Informazioni sulla Privacy \u00bb Fratelli Guidetti\",\"isPartOf\":{\"@id\":\"https:\/\/www.guidettiflli.it\/en\/#website\"},\"datePublished\":\"2022-11-03T09:23:34+00:00\",\"description\":\"Grazie per dedicare qualche minuto alla lettura della nostra informativa sulla privacy.\",\"breadcrumb\":{\"@id\":\"https:\/\/www.guidettiflli.it\/en\/privacy-policy\/#breadcrumb\"},\"inLanguage\":\"en-US\",\"potentialAction\":[{\"@type\":\"ReadAction\",\"target\":[\"https:\/\/www.guidettiflli.it\/en\/privacy-policy\/\"]}]},{\"@type\":\"BreadcrumbList\",\"@id\":\"https:\/\/www.guidettiflli.it\/en\/privacy-policy\/#breadcrumb\",\"itemListElement\":[{\"@type\":\"ListItem\",\"position\":1,\"name\":\"Home\",\"item\":\"https:\/\/www.guidettiflli.it\/en\/home-page\/\"},{\"@type\":\"ListItem\",\"position\":2,\"name\":\"Privacy Policy\"}]},{\"@type\":\"WebSite\",\"@id\":\"https:\/\/www.guidettiflli.it\/en\/#website\",\"url\":\"https:\/\/www.guidettiflli.it\/en\/\",\"name\":\"www.guidettiflli.it\",\"description\":\"Macchine Utensili per l&#039;Industria\",\"publisher\":{\"@id\":\"https:\/\/www.guidettiflli.it\/en\/#organization\"},\"potentialAction\":[{\"@type\":\"SearchAction\",\"target\":{\"@type\":\"EntryPoint\",\"urlTemplate\":\"https:\/\/www.guidettiflli.it\/en\/?s={search_term_string}\"},\"query-input\":{\"@type\":\"PropertyValueSpecification\",\"valueRequired\":true,\"valueName\":\"search_term_string\"}}],\"inLanguage\":\"en-US\"},{\"@type\":\"Organization\",\"@id\":\"https:\/\/www.guidettiflli.it\/en\/#organization\",\"name\":\"Fratelli Guidetti\",\"url\":\"https:\/\/www.guidettiflli.it\/en\/\",\"logo\":{\"@type\":\"ImageObject\",\"inLanguage\":\"en-US\",\"@id\":\"https:\/\/www.guidettiflli.it\/en\/#\/schema\/logo\/image\/\",\"url\":\"https:\/\/www.guidettiflli.it\/wp-content\/uploads\/2023\/01\/fratelli-guidetti_logotipopittogramma_neutro-scuro.png\",\"contentUrl\":\"https:\/\/www.guidettiflli.it\/wp-content\/uploads\/2023\/01\/fratelli-guidetti_logotipopittogramma_neutro-scuro.png\",\"width\":1296,\"height\":504,\"caption\":\"Fratelli Guidetti\"},\"image\":{\"@id\":\"https:\/\/www.guidettiflli.it\/en\/#\/schema\/logo\/image\/\"}}]}<\/script>\n<!-- \/ Yoast SEO plugin. -->","yoast_head_json":{"title":"Informazioni sulla Privacy \u00bb Fratelli Guidetti","description":"Grazie per dedicare qualche minuto alla lettura della nostra informativa sulla privacy.","robots":{"index":"index","follow":"follow","max-snippet":"max-snippet:-1","max-image-preview":"max-image-preview:large","max-video-preview":"max-video-preview:-1"},"canonical":"https:\/\/www.guidettiflli.it\/en\/privacy-policy\/","og_locale":"en_US","og_type":"article","og_title":"Informazioni sulla Privacy \u00bb Fratelli Guidetti","og_description":"Grazie per dedicare qualche minuto alla lettura della nostra informativa sulla privacy.","og_url":"https:\/\/www.guidettiflli.it\/en\/privacy-policy\/","og_site_name":"Fratelli Guidetti","og_image":[{"width":1296,"height":504,"url":"https:\/\/www.guidettiflli.it\/wp-content\/uploads\/2023\/01\/fratelli-guidetti_logotipopittogramma_neutro-scuro.png","type":"image\/png"}],"twitter_card":"summary_large_image","schema":{"@context":"https:\/\/schema.org","@graph":[{"@type":"WebPage","@id":"https:\/\/www.guidettiflli.it\/en\/privacy-policy\/","url":"https:\/\/www.guidettiflli.it\/en\/privacy-policy\/","name":"Informazioni sulla Privacy \u00bb Fratelli Guidetti","isPartOf":{"@id":"https:\/\/www.guidettiflli.it\/en\/#website"},"datePublished":"2022-11-03T09:23:34+00:00","description":"Grazie per dedicare qualche minuto alla lettura della nostra informativa sulla privacy.","breadcrumb":{"@id":"https:\/\/www.guidettiflli.it\/en\/privacy-policy\/#breadcrumb"},"inLanguage":"en-US","potentialAction":[{"@type":"ReadAction","target":["https:\/\/www.guidettiflli.it\/en\/privacy-policy\/"]}]},{"@type":"BreadcrumbList","@id":"https:\/\/www.guidettiflli.it\/en\/privacy-policy\/#breadcrumb","itemListElement":[{"@type":"ListItem","position":1,"name":"Home","item":"https:\/\/www.guidettiflli.it\/en\/home-page\/"},{"@type":"ListItem","position":2,"name":"Privacy Policy"}]},{"@type":"WebSite","@id":"https:\/\/www.guidettiflli.it\/en\/#website","url":"https:\/\/www.guidettiflli.it\/en\/","name":"www.guidettiflli.it","description":"Macchine Utensili per l&#039;Industria","publisher":{"@id":"https:\/\/www.guidettiflli.it\/en\/#organization"},"potentialAction":[{"@type":"SearchAction","target":{"@type":"EntryPoint","urlTemplate":"https:\/\/www.guidettiflli.it\/en\/?s={search_term_string}"},"query-input":{"@type":"PropertyValueSpecification","valueRequired":true,"valueName":"search_term_string"}}],"inLanguage":"en-US"},{"@type":"Organization","@id":"https:\/\/www.guidettiflli.it\/en\/#organization","name":"Fratelli Guidetti","url":"https:\/\/www.guidettiflli.it\/en\/","logo":{"@type":"ImageObject","inLanguage":"en-US","@id":"https:\/\/www.guidettiflli.it\/en\/#\/schema\/logo\/image\/","url":"https:\/\/www.guidettiflli.it\/wp-content\/uploads\/2023\/01\/fratelli-guidetti_logotipopittogramma_neutro-scuro.png","contentUrl":"https:\/\/www.guidettiflli.it\/wp-content\/uploads\/2023\/01\/fratelli-guidetti_logotipopittogramma_neutro-scuro.png","width":1296,"height":504,"caption":"Fratelli Guidetti"},"image":{"@id":"https:\/\/www.guidettiflli.it\/en\/#\/schema\/logo\/image\/"}}]}},"_links":{"self":[{"href":"https:\/\/www.guidettiflli.it\/en\/wp-json\/wp\/v2\/pages\/828","targetHints":{"allow":["GET"]}}],"collection":[{"href":"https:\/\/www.guidettiflli.it\/en\/wp-json\/wp\/v2\/pages"}],"about":[{"href":"https:\/\/www.guidettiflli.it\/en\/wp-json\/wp\/v2\/types\/page"}],"author":[{"embeddable":true,"href":"https:\/\/www.guidettiflli.it\/en\/wp-json\/wp\/v2\/users\/1"}],"replies":[{"embeddable":true,"href":"https:\/\/www.guidettiflli.it\/en\/wp-json\/wp\/v2\/comments?post=828"}],"version-history":[{"count":0,"href":"https:\/\/www.guidettiflli.it\/en\/wp-json\/wp\/v2\/pages\/828\/revisions"}],"wp:attachment":[{"href":"https:\/\/www.guidettiflli.it\/en\/wp-json\/wp\/v2\/media?parent=828"}],"curies":[{"name":"wp","href":"https:\/\/api.w.org\/{rel}","templated":true}]}}